{"id":489,"date":"2025-09-22T16:57:57","date_gmt":"2025-09-22T14:57:57","guid":{"rendered":"https:\/\/amiguesatenciodomicili.es\/mans-amigues-sobre-nosaltres\/"},"modified":"2025-09-26T16:44:06","modified_gmt":"2025-09-26T14:44:06","slug":"mans-amigues-acerca-de-nosotros","status":"publish","type":"page","link":"https:\/\/amiguesatenciodomicili.es\/es\/mans-amigues-acerca-de-nosotros\/","title":{"rendered":"Mans Amigues &#8211; Acerca de nosotros"},"content":{"rendered":"\t\t<div data-elementor-type=\"wp-page\" data-elementor-id=\"489\" class=\"elementor elementor-489 elementor-20\" data-elementor-post-type=\"page\">\n\t\t\t\t<div class=\"elementor-element elementor-element-8b13aea e-con-full e-flex e-con e-parent\" data-id=\"8b13aea\" data-element_type=\"container\">\n\t\t\t\t<div class=\"elementor-element elementor-element-da316df elementor-widget elementor-widget-image\" data-id=\"da316df\" data-element_type=\"widget\" data-widget_type=\"image.default\">\n\t\t\t\t\t\t\t\t\t\t\t\t\t\t\t<img fetchpriority=\"high\" decoding=\"async\" width=\"2560\" height=\"936\" src=\"https:\/\/amiguesatenciodomicili.es\/wp-content\/uploads\/2025\/09\/banner4.jpg\" class=\"attachment-full size-full wp-image-490\" alt=\"\" srcset=\"https:\/\/amiguesatenciodomicili.es\/wp-content\/uploads\/2025\/09\/banner4.jpg 2560w, https:\/\/amiguesatenciodomicili.es\/wp-content\/uploads\/2025\/09\/banner4-300x110.jpg 300w, https:\/\/amiguesatenciodomicili.es\/wp-content\/uploads\/2025\/09\/banner4-1024x374.jpg 1024w, https:\/\/amiguesatenciodomicili.es\/wp-content\/uploads\/2025\/09\/banner4-768x281.jpg 768w, https:\/\/amiguesatenciodomicili.es\/wp-content\/uploads\/2025\/09\/banner4-1536x562.jpg 1536w, https:\/\/amiguesatenciodomicili.es\/wp-content\/uploads\/2025\/09\/banner4-2048x749.jpg 2048w\" sizes=\"(max-width: 2560px) 100vw, 2560px\" \/>\t\t\t\t\t\t\t\t\t\t\t\t\t\t\t<\/div>\n\t\t\t\t<\/div>\n\t\t<div class=\"elementor-element elementor-element-7a7df0e e-flex e-con-boxed e-con e-parent\" data-id=\"7a7df0e\" data-element_type=\"container\" data-settings=\"{&quot;background_background&quot;:&quot;classic&quot;}\">\n\t\t\t\t\t<div class=\"e-con-inner\">\n\t\t<div class=\"elementor-element elementor-element-4c54e69 e-con-full e-flex e-con e-child\" data-id=\"4c54e69\" data-element_type=\"container\">\n\t\t\t\t<div class=\"elementor-element elementor-element-5d75bb1 elementor-widget elementor-widget-heading\" data-id=\"5d75bb1\" data-element_type=\"widget\" data-widget_type=\"heading.default\">\n\t\t\t\t\t<h2 class=\"elementor-heading-title elementor-size-default\">M\u00e1s que un servicio, un compromiso<\/h2>\t\t\t\t<\/div>\n\t\t\t\t<div class=\"elementor-element elementor-element-c4934fa elementor-widget__width-initial elementor-widget elementor-widget-heading\" data-id=\"c4934fa\" data-element_type=\"widget\" data-widget_type=\"heading.default\">\n\t\t\t\t\t<h2 class=\"elementor-heading-title elementor-size-default\">Acompa\u00f1amos a personas y familias con la m\u00e1xima profesionalidad, cercan\u00eda y calidez humana.<\/h2>\t\t\t\t<\/div>\n\t\t\t\t<div class=\"elementor-element elementor-element-dc054e0 elementor-widget elementor-widget-text-editor\" data-id=\"dc054e0\" data-element_type=\"widget\" data-widget_type=\"text-editor.default\">\n\t\t\t\t\t\t\t\t\t<p>En <b>Amigues SAD S.L.<\/b> contamos con un equipo de profesionales altamente cualificados, comprometidos con el cuidado y el bienestar de las personas. Nuestro objetivo es cubrir todas las necesidades, ya sean personales o familiares, a trav\u00e9s de una atenci\u00f3n cercana, respetuosa y de calidad.<\/p><p>Desde el primer momento realizamos una <b>valoraci\u00f3n inicial personalizada<\/b> para detectar las necesidades espec\u00edficas de cada persona y familia. Esto nos permite ofrecer servicios a medida, adaptados a cada situaci\u00f3n, garantizando siempre una atenci\u00f3n profesional y humana. Nuestro compromiso es preservar la autonom\u00eda, la salud y la calidad de vida de todas las personas que conf\u00edan en nosotros.<\/p><p>Cada miembro de nuestro equipo comparte los valores de <b>profesionalidad, dignidad y cercan\u00eda<\/b>. Trabajamos con la voluntad de ofrecer a las familias la tranquilidad de saber que sus seres queridos se encuentran en buenas manos y reciben una asistencia \u00f3ptima.<\/p><p>Hemos desarrollado una <b>metodolog\u00eda de trabajo propia<\/b>, que incluye identificar las necesidades del usuario, seleccionar el personal cuidador m\u00e1s adecuado para cada caso y realizar un seguimiento constante para garantizar que el servicio se est\u00e1 llevando a cabo de la mejor manera posible y con la m\u00e1xima satisfacci\u00f3n de la persona usuaria y su familia.<\/p><p>Adem\u00e1s, somos <b>empresa colaboradora del Servicio Prodomicilio de la Fundaci\u00f3n Pro Pened\u00e8s<\/b>, que permite a todas las personas empadronadas en los municipios de la Red Prodomicilio recibir atenci\u00f3n domiciliaria profesional y con garant\u00edas en cualquier momento. Gracias al sistema de cheque-servicio, se puede disfrutar de un descuento de 3 \u20ac por cada hora de servicio contratado.<\/p><p>Finalmente, cabe destacar que somos una <b>empresa SAD autorizada<\/b>, inscrita en el <b>Registro de Entidades, Servicios y Establecimientos Sociales (RESES)<\/b> de la Generalitat de Catalunya con N\u00fam. de Registro <b>S10041<\/b>, para ofrecer servicios domiciliarios dentro del marco de la Ley de Dependencia.<\/p>\t\t\t\t\t\t\t\t<\/div>\n\t\t\t\t<\/div>\n\t\t\t\t\t<\/div>\n\t\t\t\t<\/div>\n\t\t<div class=\"elementor-element elementor-element-01db14a e-flex e-con-boxed e-con e-parent\" data-id=\"01db14a\" data-element_type=\"container\" data-settings=\"{&quot;background_background&quot;:&quot;classic&quot;}\">\n\t\t\t\t\t<div class=\"e-con-inner\">\n\t\t<div class=\"elementor-element elementor-element-bed043e e-con-full e-flex e-con e-child\" data-id=\"bed043e\" data-element_type=\"container\">\n\t\t\t\t<div class=\"elementor-element elementor-element-f12f7c6 elementor-widget elementor-widget-heading\" data-id=\"f12f7c6\" data-element_type=\"widget\" data-widget_type=\"heading.default\">\n\t\t\t\t\t<h2 class=\"elementor-heading-title elementor-size-default\">\u00bfNecesitas m\u00e1s informaci\u00f3n?<\/h2>\t\t\t\t<\/div>\n\t\t\t\t<div class=\"elementor-element elementor-element-5ff3ecd elementor-widget__width-initial elementor-widget elementor-widget-heading\" data-id=\"5ff3ecd\" data-element_type=\"widget\" data-widget_type=\"heading.default\">\n\t\t\t\t\t<h2 class=\"elementor-heading-title elementor-size-default\">Contacta con nosotros sin ning\u00fan compromiso<\/h2>\t\t\t\t<\/div>\n\t\t\t\t<div class=\"elementor-element elementor-element-75c83a5 elementor-align-right e-transform elementor-widget elementor-widget-button\" data-id=\"75c83a5\" data-element_type=\"widget\" data-settings=\"{&quot;_transform_scale_effect_hover&quot;:{&quot;unit&quot;:&quot;px&quot;,&quot;size&quot;:1.04,&quot;sizes&quot;:[]},&quot;_transform_scale_effect_hover_tablet&quot;:{&quot;unit&quot;:&quot;px&quot;,&quot;size&quot;:&quot;&quot;,&quot;sizes&quot;:[]},&quot;_transform_scale_effect_hover_mobile&quot;:{&quot;unit&quot;:&quot;px&quot;,&quot;size&quot;:&quot;&quot;,&quot;sizes&quot;:[]}}\" data-widget_type=\"button.default\">\n\t\t\t\t\t\t\t\t\t\t<a class=\"elementor-button elementor-button-link elementor-size-sm\" href=\"https:\/\/amiguesatenciodomicili.es\/es\/contacta\/\">\n\t\t\t\t\t\t<span class=\"elementor-button-content-wrapper\">\n\t\t\t\t\t\t\t\t\t<span class=\"elementor-button-text\">Contactar<\/span>\n\t\t\t\t\t<\/span>\n\t\t\t\t\t<\/a>\n\t\t\t\t\t\t\t\t<\/div>\n\t\t\t\t<\/div>\n\t\t\t\t\t<\/div>\n\t\t\t\t<\/div>\n\t\t\t\t<\/div>\n\t\t","protected":false},"excerpt":{"rendered":"<p>M\u00e1s que un servicio, un compromiso Acompa\u00f1amos a personas y familias con la m\u00e1xima profesionalidad, cercan\u00eda y calidez humana. En Amigues SAD S.L. contamos con un equipo de profesionales altamente cualificados, comprometidos con el cuidado y el bienestar de las personas. Nuestro objetivo es cubrir todas las necesidades, ya sean personales o familiares, a trav\u00e9s [&hellip;]<\/p>\n","protected":false},"author":1,"featured_media":0,"parent":0,"menu_order":3,"comment_status":"closed","ping_status":"closed","template":"","meta":{"footnotes":""},"class_list":["post-489","page","type-page","status-publish","hentry"],"_links":{"self":[{"href":"https:\/\/amiguesatenciodomicili.es\/es\/wp-json\/wp\/v2\/pages\/489","targetHints":{"allow":["GET"]}}],"collection":[{"href":"https:\/\/amiguesatenciodomicili.es\/es\/wp-json\/wp\/v2\/pages"}],"about":[{"href":"https:\/\/amiguesatenciodomicili.es\/es\/wp-json\/wp\/v2\/types\/page"}],"author":[{"embeddable":true,"href":"https:\/\/amiguesatenciodomicili.es\/es\/wp-json\/wp\/v2\/users\/1"}],"replies":[{"embeddable":true,"href":"https:\/\/amiguesatenciodomicili.es\/es\/wp-json\/wp\/v2\/comments?post=489"}],"version-history":[{"count":7,"href":"https:\/\/amiguesatenciodomicili.es\/es\/wp-json\/wp\/v2\/pages\/489\/revisions"}],"predecessor-version":[{"id":539,"href":"https:\/\/amiguesatenciodomicili.es\/es\/wp-json\/wp\/v2\/pages\/489\/revisions\/539"}],"wp:attachment":[{"href":"https:\/\/amiguesatenciodomicili.es\/es\/wp-json\/wp\/v2\/media?parent=489"}],"curies":[{"name":"wp","href":"https:\/\/api.w.org\/{rel}","templated":true}]}}