{"id":487,"date":"2025-09-22T16:57:26","date_gmt":"2025-09-22T14:57:26","guid":{"rendered":"https:\/\/amiguesatenciodomicili.es\/serveis-datencio-domiciliaria\/"},"modified":"2025-09-26T18:59:23","modified_gmt":"2025-09-26T16:59:23","slug":"servicios-de-atencion-domiciliaria","status":"publish","type":"page","link":"https:\/\/amiguesatenciodomicili.es\/es\/servicios-de-atencion-domiciliaria\/","title":{"rendered":"Servicios de Atenci\u00f3n Domiciliaria"},"content":{"rendered":"\t\t<div data-elementor-type=\"wp-page\" data-elementor-id=\"487\" class=\"elementor elementor-487 elementor-18\" data-elementor-post-type=\"page\">\n\t\t\t\t<div class=\"elementor-element elementor-element-68c7b37 e-con-full e-flex e-con e-parent\" data-id=\"68c7b37\" data-element_type=\"container\">\n\t\t\t\t<div class=\"elementor-element elementor-element-a4884c1 elementor-widget elementor-widget-image\" data-id=\"a4884c1\" data-element_type=\"widget\" data-widget_type=\"image.default\">\n\t\t\t\t\t\t\t\t\t\t\t\t\t\t\t<img fetchpriority=\"high\" decoding=\"async\" width=\"2560\" height=\"936\" src=\"https:\/\/amiguesatenciodomicili.es\/wp-content\/uploads\/2025\/09\/banner3.jpg\" class=\"attachment-full size-full wp-image-488\" alt=\"\" srcset=\"https:\/\/amiguesatenciodomicili.es\/wp-content\/uploads\/2025\/09\/banner3.jpg 2560w, https:\/\/amiguesatenciodomicili.es\/wp-content\/uploads\/2025\/09\/banner3-300x110.jpg 300w, https:\/\/amiguesatenciodomicili.es\/wp-content\/uploads\/2025\/09\/banner3-1024x374.jpg 1024w, https:\/\/amiguesatenciodomicili.es\/wp-content\/uploads\/2025\/09\/banner3-768x281.jpg 768w, https:\/\/amiguesatenciodomicili.es\/wp-content\/uploads\/2025\/09\/banner3-1536x562.jpg 1536w, https:\/\/amiguesatenciodomicili.es\/wp-content\/uploads\/2025\/09\/banner3-2048x749.jpg 2048w\" sizes=\"(max-width: 2560px) 100vw, 2560px\" \/>\t\t\t\t\t\t\t\t\t\t\t\t\t\t\t<\/div>\n\t\t\t\t<\/div>\n\t\t<div class=\"elementor-element elementor-element-ee75414 e-flex e-con-boxed e-con e-parent\" data-id=\"ee75414\" data-element_type=\"container\" data-settings=\"{&quot;background_background&quot;:&quot;classic&quot;}\">\n\t\t\t\t\t<div class=\"e-con-inner\">\n\t\t<div class=\"elementor-element elementor-element-959be0e e-con-full e-flex e-con e-child\" data-id=\"959be0e\" data-element_type=\"container\">\n\t\t\t\t<div class=\"elementor-element elementor-element-44fefdf elementor-widget elementor-widget-heading\" data-id=\"44fefdf\" data-element_type=\"widget\" data-widget_type=\"heading.default\">\n\t\t\t\t\t<h1 class=\"elementor-heading-title elementor-size-default\">Bienestar y autonom\u00eda en tu hogar<\/h1>\t\t\t\t<\/div>\n\t\t\t\t<div class=\"elementor-element elementor-element-26f9796 elementor-widget__width-initial elementor-widget elementor-widget-heading\" data-id=\"26f9796\" data-element_type=\"widget\" data-widget_type=\"heading.default\">\n\t\t\t\t\t<h2 class=\"elementor-heading-title elementor-size-default\">Cuidamos de las personas ofreciendo un servicio ajustado a cada situaci\u00f3n.<\/h2>\t\t\t\t<\/div>\n\t\t\t\t<div class=\"elementor-element elementor-element-85f708a elementor-widget elementor-widget-text-editor\" data-id=\"85f708a\" data-element_type=\"widget\" data-widget_type=\"text-editor.default\">\n\t\t\t\t\t\t\t\t\t<p>Los Servicios de Ayuda a Domicilio son un <strong>conjunto de acciones organizadas<\/strong> que se llevan a cabo, principalmente, en el hogar de la persona. Tienen como objetivo ofrecer atenciones personales, apoyo en las tareas del hogar y acompa\u00f1amiento social a aquellas personas y\/o familias <strong>con dificultades de autonom\u00eda personal<\/strong>.<\/p><p>En Amigues SAD SL <strong>ofrecemos un servicio integral de cuidado a domicilio dirigido a personas mayores y a personas en situaci\u00f3n de dependencia<\/strong>. Nuestros servicios est\u00e1n dise\u00f1ados para apoyar a <strong>personas con autonom\u00eda limitada o en situaci\u00f3n de vulnerabilidad<\/strong>, garantizando su bienestar y calidad de vida en su entorno.<\/p><p><strong>Nos adaptamos a las necesidades particulares de cada persona y en los momentos del d\u00eda en que m\u00e1s lo requieran<\/strong>. Adem\u00e1s, ofrecemos la m\u00e1xima flexibilidad: sin compromiso de permanencia y con la posibilidad de modificar horarios seg\u00fan las necesidades de la persona usuaria o de su familia.<\/p>\t\t\t\t\t\t\t\t<\/div>\n\t\t\t\t<\/div>\n\t\t<div class=\"elementor-element elementor-element-e1f4990 e-con-full e-flex e-con e-child\" data-id=\"e1f4990\" data-element_type=\"container\" data-settings=\"{&quot;background_background&quot;:&quot;classic&quot;}\">\n\t\t\t\t<div class=\"elementor-element elementor-element-86ca819 elementor-widget elementor-widget-image\" data-id=\"86ca819\" data-element_type=\"widget\" data-widget_type=\"image.default\">\n\t\t\t\t\t\t\t\t\t\t\t\t\t\t\t<img decoding=\"async\" width=\"512\" height=\"512\" src=\"https:\/\/amiguesatenciodomicili.es\/wp-content\/uploads\/2025\/09\/cuidador.png\" class=\"attachment-full size-full wp-image-496\" alt=\"\" srcset=\"https:\/\/amiguesatenciodomicili.es\/wp-content\/uploads\/2025\/09\/cuidador.png 512w, https:\/\/amiguesatenciodomicili.es\/wp-content\/uploads\/2025\/09\/cuidador-300x300.png 300w, https:\/\/amiguesatenciodomicili.es\/wp-content\/uploads\/2025\/09\/cuidador-150x150.png 150w\" sizes=\"(max-width: 512px) 100vw, 512px\" \/>\t\t\t\t\t\t\t\t\t\t\t\t\t\t\t<\/div>\n\t\t\t\t<div class=\"elementor-element elementor-element-0dd2397 elementor-widget elementor-widget-heading\" data-id=\"0dd2397\" data-element_type=\"widget\" data-widget_type=\"heading.default\">\n\t\t\t\t\t<h2 class=\"elementor-heading-title elementor-size-default\">Actuaci\u00f3n de car\u00e1cter personal<\/h2>\t\t\t\t<\/div>\n\t\t\t\t<div class=\"elementor-element elementor-element-dcffe87 elementor-widget elementor-widget-text-editor\" data-id=\"dcffe87\" data-element_type=\"widget\" data-widget_type=\"text-editor.default\">\n\t\t\t\t\t\t\t\t\t<p>Son actividades y tareas que recaen principalmente en las personas usuarias, con el objetivo de <strong>promover y mantener su autonom\u00eda personal<\/strong>, fomentar h\u00e1bitos de conducta saludables y adquirir habilidades b\u00e1sicas para el desarrollo en el domicilio y en su relaci\u00f3n con la comunidad.<\/p><p><strong>Levantarse y acostarse:<\/strong> apoyo diario en las rutinas de descanso e incorporaci\u00f3n.<\/p><p><strong>Vestir y desvestir:<\/strong> ayuda en el cambio de ropa, favoreciendo la comodidad y la independencia.<\/p><p><strong>Higiene personal:<\/strong> atenci\u00f3n en el ba\u00f1o, cuidado corporal y bienestar diario.<\/p><p><strong>Movilizaci\u00f3n en el hogar:<\/strong> asistencia en los desplazamientos dentro de la vivienda.<\/p><p><strong>Cambios posturales:<\/strong> prevenci\u00f3n y mejora del confort con posturas adecuadas.<\/p><p><strong>Administraci\u00f3n de medicaci\u00f3n simple:<\/strong> control y seguimiento del tratamiento pautado.<\/p><p><strong>Ayuda en la ingesta de alimentos:<\/strong> apoyo en las comidas para garantizar una alimentaci\u00f3n correcta.<\/p>\t\t\t\t\t\t\t\t<\/div>\n\t\t\t\t<\/div>\n\t\t<div class=\"elementor-element elementor-element-06888b3 e-con-full e-flex e-con e-child\" data-id=\"06888b3\" data-element_type=\"container\" data-settings=\"{&quot;background_background&quot;:&quot;classic&quot;}\">\n\t\t\t\t<div class=\"elementor-element elementor-element-013e934 elementor-widget elementor-widget-image\" data-id=\"013e934\" data-element_type=\"widget\" data-widget_type=\"image.default\">\n\t\t\t\t\t\t\t\t\t\t\t\t\t\t\t<img decoding=\"async\" width=\"512\" height=\"512\" src=\"https:\/\/amiguesatenciodomicili.es\/wp-content\/uploads\/2025\/09\/citas-rapidas.png\" class=\"attachment-full size-full wp-image-499\" alt=\"\" srcset=\"https:\/\/amiguesatenciodomicili.es\/wp-content\/uploads\/2025\/09\/citas-rapidas.png 512w, https:\/\/amiguesatenciodomicili.es\/wp-content\/uploads\/2025\/09\/citas-rapidas-300x300.png 300w, https:\/\/amiguesatenciodomicili.es\/wp-content\/uploads\/2025\/09\/citas-rapidas-150x150.png 150w\" sizes=\"(max-width: 512px) 100vw, 512px\" \/>\t\t\t\t\t\t\t\t\t\t\t\t\t\t\t<\/div>\n\t\t\t\t<div class=\"elementor-element elementor-element-5e02093 elementor-widget elementor-widget-heading\" data-id=\"5e02093\" data-element_type=\"widget\" data-widget_type=\"heading.default\">\n\t\t\t\t\t<h2 class=\"elementor-heading-title elementor-size-default\">Actuaci\u00f3n de car\u00e1cter dom\u00e9stico<\/h2>\t\t\t\t<\/div>\n\t\t\t\t<div class=\"elementor-element elementor-element-00f66c0 elementor-widget elementor-widget-text-editor\" data-id=\"00f66c0\" data-element_type=\"widget\" data-widget_type=\"text-editor.default\">\n\t\t\t\t\t\t\t\t\t<p>Las actuaciones de car\u00e1cter dom\u00e9stico incluyen todas aquellas tareas que se realizan en el domicilio con la finalidad de mantener un entorno limpio, ordenado y seguro, as\u00ed como de facilitar la vida diaria de la persona usuaria. Adem\u00e1s, estas actividades contribuyen a fomentar la autonom\u00eda personal y unos h\u00e1bitos saludables dentro del hogar.<\/p><p><strong>Preparaci\u00f3n de la comida:<\/strong> elaboraci\u00f3n de comidas saludables en el domicilio.<\/p><p><strong>Compras dom\u00e9sticas:<\/strong> adquisici\u00f3n de productos b\u00e1sicos a cargo de la persona usuaria.<\/p><p><strong>Lavado y cuidado de la ropa:<\/strong> limpieza, secado y mantenimiento de prendas en el domicilio.<\/p><p><strong>Peque\u00f1os mantenimientos:<\/strong> tareas sencillas como cambiar bombillas o botellas de butano.<\/p><p><strong>Aprendizaje de h\u00e1bitos:<\/strong> fomento del autocuidado, el mantenimiento del hogar, la socializaci\u00f3n y el apoyo en tareas de atenci\u00f3n a menores, higiene y alimentaci\u00f3n para favorecer la autonom\u00eda personal.<\/p>\t\t\t\t\t\t\t\t<\/div>\n\t\t\t\t<\/div>\n\t\t<div class=\"elementor-element elementor-element-319619e e-con-full e-flex e-con e-child\" data-id=\"319619e\" data-element_type=\"container\" data-settings=\"{&quot;background_background&quot;:&quot;classic&quot;}\">\n\t\t\t\t<div class=\"elementor-element elementor-element-f2e7fe0 elementor-widget elementor-widget-image\" data-id=\"f2e7fe0\" data-element_type=\"widget\" data-widget_type=\"image.default\">\n\t\t\t\t\t\t\t\t\t\t\t\t\t\t\t<img loading=\"lazy\" decoding=\"async\" width=\"512\" height=\"512\" src=\"https:\/\/amiguesatenciodomicili.es\/wp-content\/uploads\/2025\/09\/asistencia.png\" class=\"attachment-full size-full wp-image-497\" alt=\"\" srcset=\"https:\/\/amiguesatenciodomicili.es\/wp-content\/uploads\/2025\/09\/asistencia.png 512w, https:\/\/amiguesatenciodomicili.es\/wp-content\/uploads\/2025\/09\/asistencia-300x300.png 300w, https:\/\/amiguesatenciodomicili.es\/wp-content\/uploads\/2025\/09\/asistencia-150x150.png 150w\" sizes=\"(max-width: 512px) 100vw, 512px\" \/>\t\t\t\t\t\t\t\t\t\t\t\t\t\t\t<\/div>\n\t\t\t\t<div class=\"elementor-element elementor-element-cc6e390 elementor-widget elementor-widget-heading\" data-id=\"cc6e390\" data-element_type=\"widget\" data-widget_type=\"heading.default\">\n\t\t\t\t\t<h2 class=\"elementor-heading-title elementor-size-default\">Servicios de acompa\u00f1amiento<\/h2>\t\t\t\t<\/div>\n\t\t\t\t<div class=\"elementor-element elementor-element-be66a7e elementor-widget elementor-widget-text-editor\" data-id=\"be66a7e\" data-element_type=\"widget\" data-widget_type=\"text-editor.default\">\n\t\t\t\t\t\t\t\t\t<p>Estos servicios tienen como finalidad <strong>reducir la sensaci\u00f3n de soledad, dar apoyo emocional y facilitar la participaci\u00f3n social<\/strong> de las personas usuarias. El acompa\u00f1amiento permite mantener rutinas, realizar gestiones con tranquilidad y disfrutar de actividades que favorecen el bienestar y la calidad de vida.<\/p><p><strong>Acompa\u00f1amiento en el domicilio:<\/strong> apoyo en actividades como la lectura, la conversaci\u00f3n u otras din\u00e1micas de entretenimiento.<\/p><p><strong>Acompa\u00f1amiento fuera del domicilio:<\/strong> ayuda en gestiones cotidianas y desplazamientos b\u00e1sicos.<\/p><p><strong>Acompa\u00f1amiento a visitas m\u00e9dicas:<\/strong> asistencia en consultas, tr\u00e1mites de salud y gesti\u00f3n de recetas.<\/p><p><strong>Acompa\u00f1amiento en actividades l\u00fadicas:<\/strong> participaci\u00f3n en talleres, paseos y otras actividades sociales.<\/p><p><strong>Ayuda en situaciones de crisis familiar:<\/strong> apoyo emocional y pr\u00e1ctico ante momentos dif\u00edciles.<\/p>\t\t\t\t\t\t\t\t<\/div>\n\t\t\t\t<\/div>\n\t\t<div class=\"elementor-element elementor-element-41d8ad6 e-con-full e-flex e-con e-child\" data-id=\"41d8ad6\" data-element_type=\"container\" data-settings=\"{&quot;background_background&quot;:&quot;classic&quot;}\">\n\t\t\t\t<div class=\"elementor-element elementor-element-d08989b elementor-widget elementor-widget-image\" data-id=\"d08989b\" data-element_type=\"widget\" data-widget_type=\"image.default\">\n\t\t\t\t\t\t\t\t\t\t\t\t\t\t\t<img loading=\"lazy\" decoding=\"async\" width=\"512\" height=\"512\" src=\"https:\/\/amiguesatenciodomicili.es\/wp-content\/uploads\/2025\/09\/medicamento.png\" class=\"attachment-full size-full wp-image-501\" alt=\"\" srcset=\"https:\/\/amiguesatenciodomicili.es\/wp-content\/uploads\/2025\/09\/medicamento.png 512w, https:\/\/amiguesatenciodomicili.es\/wp-content\/uploads\/2025\/09\/medicamento-300x300.png 300w, https:\/\/amiguesatenciodomicili.es\/wp-content\/uploads\/2025\/09\/medicamento-150x150.png 150w\" sizes=\"(max-width: 512px) 100vw, 512px\" \/>\t\t\t\t\t\t\t\t\t\t\t\t\t\t\t<\/div>\n\t\t\t\t<div class=\"elementor-element elementor-element-3c2bd76 elementor-widget elementor-widget-heading\" data-id=\"3c2bd76\" data-element_type=\"widget\" data-widget_type=\"heading.default\">\n\t\t\t\t\t<h2 class=\"elementor-heading-title elementor-size-default\">Servicio de educaci\u00f3n sanitaria y social<\/h2>\t\t\t\t<\/div>\n\t\t\t\t<div class=\"elementor-element elementor-element-86bce12 elementor-widget elementor-widget-text-editor\" data-id=\"86bce12\" data-element_type=\"widget\" data-widget_type=\"text-editor.default\">\n\t\t\t\t\t\t\t\t\t<p>Estas actuaciones tienen como objetivo <strong>mejorar el bienestar f\u00edsico y emocional de la persona usuaria y de su familia<\/strong>, ofreciendo herramientas, orientaci\u00f3n y apoyo profesional para afrontar el d\u00eda a d\u00eda con m\u00e1s seguridad y calidad de vida.<\/p><p><strong>Ense\u00f1anza de t\u00e9cnicas y habilidades:<\/strong> formaci\u00f3n a los cuidadores informales (familiares y personas cercanas) a cargo de los cuidadores formales.<\/p><p><strong>Apoyo psicol\u00f3gico y sanitario:<\/strong> asesoramiento y acompa\u00f1amiento ante situaciones de estr\u00e9s o malestar.<\/p><p><strong>Cuidados de control sanitario:<\/strong> seguimiento y supervisi\u00f3n del estado de salud.<\/p><p><strong>Administraci\u00f3n de medicamentos:<\/strong> ayuda en la gesti\u00f3n y control de tratamientos m\u00e9dicos.<\/p><p><strong>Prevenci\u00f3n de demencias:<\/strong> actividades de motivaci\u00f3n, memoria y estimulaci\u00f3n cognitiva.<\/p><p><strong>Apoyo en fisioterapia:<\/strong> ejercicios y pautas para mantener la movilidad y reducir dolores.<\/p><p><strong>Apoyo emocional:<\/strong> escucha activa y acompa\u00f1amiento para favorecer el bienestar personal.<\/p>\t\t\t\t\t\t\t\t<\/div>\n\t\t\t\t<\/div>\n\t\t<div class=\"elementor-element elementor-element-91ac56d e-con-full e-flex e-con e-child\" data-id=\"91ac56d\" data-element_type=\"container\" data-settings=\"{&quot;background_background&quot;:&quot;classic&quot;}\">\n\t\t\t\t<div class=\"elementor-element elementor-element-94231e9 elementor-widget elementor-widget-image\" data-id=\"94231e9\" data-element_type=\"widget\" data-widget_type=\"image.default\">\n\t\t\t\t\t\t\t\t\t\t\t\t\t\t\t<img loading=\"lazy\" decoding=\"async\" width=\"512\" height=\"512\" src=\"https:\/\/amiguesatenciodomicili.es\/wp-content\/uploads\/2025\/09\/casa-limpia.png\" class=\"attachment-full size-full wp-image-502\" alt=\"\" srcset=\"https:\/\/amiguesatenciodomicili.es\/wp-content\/uploads\/2025\/09\/casa-limpia.png 512w, https:\/\/amiguesatenciodomicili.es\/wp-content\/uploads\/2025\/09\/casa-limpia-300x300.png 300w, https:\/\/amiguesatenciodomicili.es\/wp-content\/uploads\/2025\/09\/casa-limpia-150x150.png 150w\" sizes=\"(max-width: 512px) 100vw, 512px\" \/>\t\t\t\t\t\t\t\t\t\t\t\t\t\t\t<\/div>\n\t\t\t\t<div class=\"elementor-element elementor-element-7136d22 elementor-widget elementor-widget-heading\" data-id=\"7136d22\" data-element_type=\"widget\" data-widget_type=\"heading.default\">\n\t\t\t\t\t<h2 class=\"elementor-heading-title elementor-size-default\">Servicios en el hogar<\/h2>\t\t\t\t<\/div>\n\t\t\t\t<div class=\"elementor-element elementor-element-74f3e16 elementor-widget elementor-widget-text-editor\" data-id=\"74f3e16\" data-element_type=\"widget\" data-widget_type=\"text-editor.default\">\n\t\t\t\t\t\t\t\t\t<p>Estas actuaciones est\u00e1n orientadas a <strong>mantener la vivienda en condiciones \u00f3ptimas de orden, higiene y organizaci\u00f3n<\/strong>, favoreciendo un entorno saludable y seguro para la persona usuaria y su familia.<\/p><p><strong>Orden y limpieza del hogar:<\/strong> mantenimiento diario de los espacios para que sean agradables y funcionales.<\/p><p><strong>Lavado y planchado de la ropa:<\/strong> limpieza, repaso y cuidado de las prendas, as\u00ed como la gesti\u00f3n de lavander\u00eda.<\/p><p><strong>Administraci\u00f3n econ\u00f3mica del hogar:<\/strong> apoyo en el control de gastos y gesti\u00f3n de recursos dom\u00e9sticos.<\/p><p><strong>Limpieza de choque:<\/strong> actuaciones intensivas para garantizar una higiene profunda y completa.<\/p>\t\t\t\t\t\t\t\t<\/div>\n\t\t\t\t<\/div>\n\t\t<div class=\"elementor-element elementor-element-0a85744 e-con-full e-flex e-con e-child\" data-id=\"0a85744\" data-element_type=\"container\" data-settings=\"{&quot;background_background&quot;:&quot;classic&quot;}\">\n\t\t\t\t<div class=\"elementor-element elementor-element-97c670d elementor-widget elementor-widget-image\" data-id=\"97c670d\" data-element_type=\"widget\" data-widget_type=\"image.default\">\n\t\t\t\t\t\t\t\t\t\t\t\t\t\t\t<img loading=\"lazy\" decoding=\"async\" width=\"512\" height=\"512\" src=\"https:\/\/amiguesatenciodomicili.es\/wp-content\/uploads\/2025\/09\/hospital1.png\" class=\"attachment-full size-full wp-image-503\" alt=\"\" srcset=\"https:\/\/amiguesatenciodomicili.es\/wp-content\/uploads\/2025\/09\/hospital1.png 512w, https:\/\/amiguesatenciodomicili.es\/wp-content\/uploads\/2025\/09\/hospital1-300x300.png 300w, https:\/\/amiguesatenciodomicili.es\/wp-content\/uploads\/2025\/09\/hospital1-150x150.png 150w\" sizes=\"(max-width: 512px) 100vw, 512px\" \/>\t\t\t\t\t\t\t\t\t\t\t\t\t\t\t<\/div>\n\t\t\t\t<div class=\"elementor-element elementor-element-a90f0d0 elementor-widget elementor-widget-heading\" data-id=\"a90f0d0\" data-element_type=\"widget\" data-widget_type=\"heading.default\">\n\t\t\t\t\t<h2 class=\"elementor-heading-title elementor-size-default\">Otros servicios<\/h2>\t\t\t\t<\/div>\n\t\t\t\t<div class=\"elementor-element elementor-element-788da6f elementor-widget elementor-widget-text-editor\" data-id=\"788da6f\" data-element_type=\"widget\" data-widget_type=\"text-editor.default\">\n\t\t\t\t\t\t\t\t\t<p>Adem\u00e1s de los servicios de atenci\u00f3n domiciliaria y social, ofrecemos una variedad de prestaciones complementarias que permiten <strong>mejorar la calidad de vida y adaptarse a necesidades espec\u00edficas<\/strong>, tanto dentro como fuera del hogar.<\/p><p><strong>Atenci\u00f3n en hospitalizaciones:<\/strong> apoyo y acompa\u00f1amiento durante estancias hospitalarias.<\/p><p><strong>Atenci\u00f3n en convalecencias:<\/strong> cuidado y seguimiento en el proceso de recuperaci\u00f3n.<\/p><p><strong>Podolog\u00eda:<\/strong> tratamientos para la salud y el bienestar de los pies.<\/p><p><strong>Fisioterapia:<\/strong> ejercicios y terapias para mantener o recuperar la movilidad.<\/p><p><strong>Peluquer\u00eda:<\/strong> servicios de imagen personal y cuidado est\u00e9tico a domicilio.<\/p><p><strong>Alquiler de ayudas t\u00e9cnicas:<\/strong> suministro temporal de material y equipamiento de apoyo.<\/p><p><strong>Personal para residencias e instituciones:<\/strong> profesionales formados para reforzar equipos y cubrir necesidades puntuales.<\/p>\t\t\t\t\t\t\t\t<\/div>\n\t\t\t\t<\/div>\n\t\t\t\t\t<\/div>\n\t\t\t\t<\/div>\n\t\t<div class=\"elementor-element elementor-element-2681dd1 e-flex e-con-boxed e-con e-parent\" data-id=\"2681dd1\" data-element_type=\"container\" data-settings=\"{&quot;background_background&quot;:&quot;classic&quot;}\">\n\t\t\t\t\t<div class=\"e-con-inner\">\n\t\t<div class=\"elementor-element elementor-element-734928c e-con-full e-flex e-con e-child\" data-id=\"734928c\" data-element_type=\"container\">\n\t\t\t\t<div class=\"elementor-element elementor-element-d6b0701 elementor-widget elementor-widget-heading\" data-id=\"d6b0701\" data-element_type=\"widget\" data-widget_type=\"heading.default\">\n\t\t\t\t\t<h2 class=\"elementor-heading-title elementor-size-default\">\u00bfNecesitas m\u00e1s informaci\u00f3n?<\/h2>\t\t\t\t<\/div>\n\t\t\t\t<div class=\"elementor-element elementor-element-83ff8ce elementor-widget__width-initial elementor-widget elementor-widget-heading\" data-id=\"83ff8ce\" data-element_type=\"widget\" data-widget_type=\"heading.default\">\n\t\t\t\t\t<h2 class=\"elementor-heading-title elementor-size-default\">Contacta con nosotros sin ning\u00fan compromiso<\/h2>\t\t\t\t<\/div>\n\t\t\t\t<div class=\"elementor-element elementor-element-9a413d8 elementor-align-right e-transform elementor-widget elementor-widget-button\" data-id=\"9a413d8\" data-element_type=\"widget\" data-settings=\"{&quot;_transform_scale_effect_hover&quot;:{&quot;unit&quot;:&quot;px&quot;,&quot;size&quot;:1.04,&quot;sizes&quot;:[]},&quot;_transform_scale_effect_hover_tablet&quot;:{&quot;unit&quot;:&quot;px&quot;,&quot;size&quot;:&quot;&quot;,&quot;sizes&quot;:[]},&quot;_transform_scale_effect_hover_mobile&quot;:{&quot;unit&quot;:&quot;px&quot;,&quot;size&quot;:&quot;&quot;,&quot;sizes&quot;:[]}}\" data-widget_type=\"button.default\">\n\t\t\t\t\t\t\t\t\t\t<a class=\"elementor-button elementor-button-link elementor-size-sm\" href=\"https:\/\/amiguesatenciodomicili.es\/es\/contacta\/\">\n\t\t\t\t\t\t<span class=\"elementor-button-content-wrapper\">\n\t\t\t\t\t\t\t\t\t<span class=\"elementor-button-text\">Contactar<\/span>\n\t\t\t\t\t<\/span>\n\t\t\t\t\t<\/a>\n\t\t\t\t\t\t\t\t<\/div>\n\t\t\t\t<\/div>\n\t\t\t\t\t<\/div>\n\t\t\t\t<\/div>\n\t\t\t\t<\/div>\n\t\t","protected":false},"excerpt":{"rendered":"<p>Bienestar y autonom\u00eda en tu hogar Cuidamos de las personas ofreciendo un servicio ajustado a cada situaci\u00f3n. Los Servicios de Ayuda a Domicilio son un conjunto de acciones organizadas que se llevan a cabo, principalmente, en el hogar de la persona. Tienen como objetivo ofrecer atenciones personales, apoyo en las tareas del hogar y acompa\u00f1amiento [&hellip;]<\/p>\n","protected":false},"author":1,"featured_media":0,"parent":0,"menu_order":2,"comment_status":"closed","ping_status":"closed","template":"","meta":{"footnotes":""},"class_list":["post-487","page","type-page","status-publish","hentry"],"_links":{"self":[{"href":"https:\/\/amiguesatenciodomicili.es\/es\/wp-json\/wp\/v2\/pages\/487","targetHints":{"allow":["GET"]}}],"collection":[{"href":"https:\/\/amiguesatenciodomicili.es\/es\/wp-json\/wp\/v2\/pages"}],"about":[{"href":"https:\/\/amiguesatenciodomicili.es\/es\/wp-json\/wp\/v2\/types\/page"}],"author":[{"embeddable":true,"href":"https:\/\/amiguesatenciodomicili.es\/es\/wp-json\/wp\/v2\/users\/1"}],"replies":[{"embeddable":true,"href":"https:\/\/amiguesatenciodomicili.es\/es\/wp-json\/wp\/v2\/comments?post=487"}],"version-history":[{"count":14,"href":"https:\/\/amiguesatenciodomicili.es\/es\/wp-json\/wp\/v2\/pages\/487\/revisions"}],"predecessor-version":[{"id":579,"href":"https:\/\/amiguesatenciodomicili.es\/es\/wp-json\/wp\/v2\/pages\/487\/revisions\/579"}],"wp:attachment":[{"href":"https:\/\/amiguesatenciodomicili.es\/es\/wp-json\/wp\/v2\/media?parent=487"}],"curies":[{"name":"wp","href":"https:\/\/api.w.org\/{rel}","templated":true}]}}